{"id":4666,"date":"2023-03-22T03:58:50","date_gmt":"2023-03-22T06:58:50","guid":{"rendered":"https:\/\/safekid.com.br\/?page_id=4666"},"modified":"2023-03-22T04:49:51","modified_gmt":"2023-03-22T07:49:51","slug":"start-up","status":"publish","type":"page","link":"https:\/\/safekid.com.br\/index.php\/start-up\/","title":{"rendered":"Start Up"},"content":{"rendered":"\t\t<div data-elementor-type=\"wp-page\" data-elementor-id=\"4666\" class=\"elementor elementor-4666\">\n\t\t\t\t\t\t\t        <section class=\"elementor-section elementor-top-section elementor-element elementor-element-8e2fea9 elementor-section-boxed elementor-section-height-default elementor-section-height-default\" data-id=\"8e2fea9\" data-element_type=\"section\">\n        \n                <div class=\"elementor-container elementor-column-gap-default \">\n                <div class=\"elementor-column elementor-col-100 elementor-top-column elementor-element elementor-element-2791fd1\" data-id=\"2791fd1\" data-element_type=\"column\">\n        <div class=\"elementor-widget-wrap elementor-element-populated\">\n                        \t\t<div class=\"elementor-element elementor-element-e6f95fc elementor-widget elementor-widget-text-editor\" data-id=\"e6f95fc\" data-element_type=\"widget\" data-widget_type=\"text-editor.default\">\n\t\t\t\t<div class=\"elementor-widget-container\">\n\t\t\t<style>\/*! elementor - v3.11.5 - 14-03-2023 *\/\n.elementor-widget-text-editor.elementor-drop-cap-view-stacked .elementor-drop-cap{background-color:#818a91;color:#fff}.elementor-widget-text-editor.elementor-drop-cap-view-framed .elementor-drop-cap{color:#818a91;border:3px solid;background-color:transparent}.elementor-widget-text-editor:not(.elementor-drop-cap-view-default) .elementor-drop-cap{margin-top:8px}.elementor-widget-text-editor:not(.elementor-drop-cap-view-default) .elementor-drop-cap-letter{width:1em;height:1em}.elementor-widget-text-editor .elementor-drop-cap{float:left;text-align:center;line-height:1;font-size:50px}.elementor-widget-text-editor .elementor-drop-cap-letter{display:inline-block}<\/style>\t\t\t\t<p>Seja c\u00e2mera de vigil\u00e2ncia em escola p\u00fablica ou privada, com a tecnologia\u00a0 \u00e9 poss\u00edvel garantir que pais e respons\u00e1veis tenham acesso \u00e0s c\u00e2meras da escola de forma simples e eficiente.<\/p>\t\t\t\t\t\t<\/div>\n\t\t\t\t<\/div>\n\t\t        <\/div>\n        <\/div>\n                        <\/div>\n        <\/section>\n                <section class=\"elementor-section elementor-top-section elementor-element elementor-element-ff82be5 elementor-section-boxed elementor-section-height-default elementor-section-height-default\" data-id=\"ff82be5\" data-element_type=\"section\">\n        \n                <div class=\"elementor-container elementor-column-gap-default \">\n                <div class=\"elementor-column elementor-col-50 elementor-top-column elementor-element elementor-element-2e55c31\" data-id=\"2e55c31\" data-element_type=\"column\">\n        <div class=\"elementor-widget-wrap elementor-element-populated\">\n                        \t\t<div class=\"elementor-element elementor-element-122acb2 elementor-widget elementor-widget-cms_accordion\" data-id=\"122acb2\" data-element_type=\"widget\" data-widget_type=\"cms_accordion.default\">\n\t\t\t\t<div class=\"elementor-widget-container\">\n\t\t\t    <div id=\"cms_accordion-122acb2\" class=\"cms-accordion layout1\">\r\n                    <div class=\"cms-accordion-item  \">\r\n                <div class=\"cms-ac-title \" data-target=\"#708c8c0cms_accordion-122acb2\">\r\n                    <a class=\"cms-ac-title-text\">\u00c9 permitido colocar c\u00e2meras na escola ou na sala de de aula?<\/a>\r\n                <\/div>\r\n                <div id=\"708c8c0cms_accordion-122acb2\" class=\"cms-ac-content\">Sim. O projeto de lei 6.154 de 2005 permite o uso de c\u00e2meras de monitoramento inclusive no interior das salas de aula. Existem empresas de seguran\u00e7a e monitoramento especializadas em atender o segmento da educa\u00e7\u00e3o infantil, o que confere ainda mais profissionalismo e conforto no projeto para a escola<\/div>\r\n            <\/div>\r\n                    <div class=\"cms-accordion-item  \">\r\n                <div class=\"cms-ac-title \" data-target=\"#33e816acms_accordion-122acb2\">\r\n                    <a class=\"cms-ac-title-text\">Por que usar c\u00e2meras em escolas?<\/a>\r\n                <\/div>\r\n                <div id=\"33e816acms_accordion-122acb2\" class=\"cms-ac-content\">A possibilidade dos pais ou respons\u00e1veis de acessar as imagens das c\u00e2meras confere grande credibilidade no relacionamento escola-pais\/respons\u00e1veis. Tanto no que diz respeito aos cumprimentos de procedimentos, quanto no gerenciamento da ansiedade dos pais que est\u00e3o longe dos filhos.<br \/>\n<\/div>\r\n            <\/div>\r\n                    <div class=\"cms-accordion-item  \">\r\n                <div class=\"cms-ac-title \" data-target=\"#12bf7e4cms_accordion-122acb2\">\r\n                    <a class=\"cms-ac-title-text\">Quem administra os usu\u00e1rios dentro da plataforma?<\/a>\r\n                <\/div>\r\n                <div id=\"12bf7e4cms_accordion-122acb2\" class=\"cms-ac-content\">Isso ser\u00e1 definido entre o profissional de seguran\u00e7a eletr\u00f4nica e a escola. Se ficar por conta da escola a empresa de seguran\u00e7a respons\u00e1vel dever\u00e1 monitorar o volume de usu\u00e1rios para realizar a cobran\u00e7a.<br \/>\nA cada novo usu\u00e1rio a escola recolhe a assinatura do pai em um Termo de Ades\u00e3o e envia \u00e0 empresa. Com base nas informa\u00e7\u00f5es os usu\u00e1rios s\u00e3o criados e alocados nos grupos com as permiss\u00f5es de hor\u00e1rio definidas. <br \/>\n<\/div>\r\n            <\/div>\r\n            <\/div>\r\n\t\t<\/div>\n\t\t\t\t<\/div>\n\t\t        <\/div>\n        <\/div>\n                <div class=\"elementor-column elementor-col-50 elementor-top-column elementor-element elementor-element-a458723\" data-id=\"a458723\" data-element_type=\"column\">\n        <div class=\"elementor-widget-wrap elementor-element-populated\">\n                        \t\t<div class=\"elementor-element elementor-element-d6fc504 elementor-widget elementor-widget-cms_accordion\" data-id=\"d6fc504\" data-element_type=\"widget\" data-widget_type=\"cms_accordion.default\">\n\t\t\t\t<div class=\"elementor-widget-container\">\n\t\t\t    <div id=\"cms_accordion-d6fc504\" class=\"cms-accordion layout1\">\r\n                    <div class=\"cms-accordion-item  \">\r\n                <div class=\"cms-ac-title \" data-target=\"#708c8c0cms_accordion-d6fc504\">\r\n                    <a class=\"cms-ac-title-text\">Como a escola pode controlar o que os pais v\u00eaem?<\/a>\r\n                <\/div>\r\n                <div id=\"708c8c0cms_accordion-d6fc504\" class=\"cms-ac-content\">A Startup SafeKids possui uma funcionalidade que permite aos administradores criar grupos de c\u00e2meras com permiss\u00e3o por faixa de hor\u00e1rio.<br \/>\nDesta forma a escola poder\u00e1 determinar quais c\u00e2meras estar\u00e3o dispon\u00edveis e tamb\u00e9m em qual per\u00edodo.<br \/>\nPais com filhos no per\u00edodo da manh\u00e3 poder\u00e3o, por exemplo, acessar apenas as c\u00e2meras das \u00e1reas comuns e da turma em que seu filho estiver matriculado no per\u00edodo da manh\u00e3.<br \/>\nAl\u00e9m disso, se a crian\u00e7a estiver matriculada no per\u00edodo da manh\u00e3, os pais ter\u00e3o acesso a sala de aula e as \u00e1reas comuns, SOMENTE no hor\u00e1rio da manh\u00e3<\/div>\r\n            <\/div>\r\n                    <div class=\"cms-accordion-item  \">\r\n                <div class=\"cms-ac-title \" data-target=\"#33e816acms_accordion-d6fc504\">\r\n                    <a class=\"cms-ac-title-text\">Qual o modelo de contrata\u00e7\u00e3o de um projeto de c\u00e2meras em escolas?<\/a>\r\n                <\/div>\r\n                <div id=\"33e816acms_accordion-d6fc504\" class=\"cms-ac-content\">O modelo mais popular \u00e9 divido em 2 etapas: setup inicial + mensalidade por aluno.<br \/>\nO valor do setup cobrir\u00e1 todos os custos iniciais do projeto como:<br \/>\n\u2981\tCompra de c\u00e2meras <br \/>\n\u2981\tManuten\u00e7\u00e3o de c\u00e2meras anal\u00f3gicas, DVRs, cabeamento, etc<br \/>\n\u2981\tProjeto da rede local e dimensionamento da banda de internet necess\u00e1ria.<br \/>\n\u2981\tProjeto de posicionamento, instala\u00e7\u00e3o e configura\u00e7\u00e3o dos equipamentos<br \/>\n\u2981\tTudo em parcelado em ate 12x iguais. <br \/>\nCom o sistema \u00e0 disposi\u00e7\u00e3o a escola dever\u00e1 determinar se a ades\u00e3o ser\u00e1 obrigat\u00f3ria ou opcional. Em ambos os casos, ap\u00f3s a ades\u00e3o ser\u00e1 acrescido \u00e0 mensalidade do respons\u00e1vel um valor referente ao acesso ilimitado \u00e0s c\u00e2meras.<br \/>\nEsse acesso ser\u00e1 feito atrav\u00e9s de um aplicativo ou endere\u00e7o web que ser\u00e1 disponibilizado \u00e0 escola.<br \/>\nNormalmente a escola realiza a cobran\u00e7a da mensalidade, mas eventualmente alguns parceiros podem disponibilizar o servi\u00e7o diretamente aos pais. Isso varia conforme a necessidade da escola.<br \/>\nCaso o respons\u00e1vel possua mais de uma crian\u00e7a matriculada na escola \u00e9 usual aplicar um desconto de 40\u201350% na mensalidade de cada crian\u00e7a adicional.<br \/>\n<\/div>\r\n            <\/div>\r\n            <\/div>\r\n\t\t<\/div>\n\t\t\t\t<\/div>\n\t\t        <\/div>\n        <\/div>\n                        <\/div>\n        <\/section>\n                <section class=\"elementor-section elementor-top-section elementor-element elementor-element-9ee2207 elementor-section-boxed elementor-section-height-default elementor-section-height-default\" data-id=\"9ee2207\" data-element_type=\"section\">\n        \n                <div class=\"elementor-container elementor-column-gap-default \">\n                <div class=\"elementor-column elementor-col-50 elementor-top-column elementor-element elementor-element-c2003d3\" data-id=\"c2003d3\" data-element_type=\"column\">\n        <div class=\"elementor-widget-wrap elementor-element-populated\">\n                        \t\t<div class=\"elementor-element elementor-element-b6614a9 elementor-widget elementor-widget-heading\" data-id=\"b6614a9\" data-element_type=\"widget\" data-widget_type=\"heading.default\">\n\t\t\t\t<div class=\"elementor-widget-container\">\n\t\t\t<style>\/*! elementor - v3.11.5 - 14-03-2023 *\/\n.elementor-heading-title{padding:0;margin:0;line-height:1}.elementor-widget-heading .elementor-heading-title[class*=elementor-size-]>a{color:inherit;font-size:inherit;line-height:inherit}.elementor-widget-heading .elementor-heading-title.elementor-size-small{font-size:15px}.elementor-widget-heading .elementor-heading-title.elementor-size-medium{font-size:19px}.elementor-widget-heading .elementor-heading-title.elementor-size-large{font-size:29px}.elementor-widget-heading .elementor-heading-title.elementor-size-xl{font-size:39px}.elementor-widget-heading .elementor-heading-title.elementor-size-xxl{font-size:59px}<\/style><h3 class=\"elementor-heading-title elementor-size-default\">C\u00e2mera em escola \u00e9 fator de decis\u00e3o para pais<\/h3>\t\t<\/div>\n\t\t\t\t<\/div>\n\t\t\t\t<div class=\"elementor-element elementor-element-da7efe5 elementor-widget elementor-widget-text-editor\" data-id=\"da7efe5\" data-element_type=\"widget\" data-widget_type=\"text-editor.default\">\n\t\t\t\t<div class=\"elementor-widget-container\">\n\t\t\t\t\t\t\t<p>Em uma r\u00e1pida pesquisa na internet \u00e9 poss\u00edvel perceber que a exist\u00eancia de c\u00e2meras na escola, creche ou ber\u00e7\u00e1rio \u00e9 um fator determinante na escolha dos pais de onde matricular seus filhos.<br \/>Portanto, para a escola tamb\u00e9m existem benef\u00edcios. Sem mencionar que tendo uma rede de c\u00e2meras a dire\u00e7\u00e3o da escola poder\u00e1 tamb\u00e9m averiguar facilmente ocorr\u00eancias e realizar a gest\u00e3o eficiente do seu quadro de colaboradores.<br \/>\u00c9 poss\u00edvel, por exemplo, a coordena\u00e7\u00e3o identificar facilmente o hor\u00e1rio de entrada e sa\u00edda de funcion\u00e1rios ou o hor\u00e1rio de chegada em sala dos professores e monitores.<\/p>\t\t\t\t\t\t<\/div>\n\t\t\t\t<\/div>\n\t\t        <\/div>\n        <\/div>\n                <div class=\"elementor-column elementor-col-50 elementor-top-column elementor-element elementor-element-bea221c\" data-id=\"bea221c\" data-element_type=\"column\">\n        <div class=\"elementor-widget-wrap elementor-element-populated\">\n                        \t\t<div class=\"elementor-element elementor-element-3639919 elementor-widget elementor-widget-image\" data-id=\"3639919\" data-element_type=\"widget\" data-widget_type=\"image.default\">\n\t\t\t\t<div class=\"elementor-widget-container\">\n\t\t\t<style>\/*! elementor - v3.11.5 - 14-03-2023 *\/\n.elementor-widget-image{text-align:center}.elementor-widget-image a{display:inline-block}.elementor-widget-image a img[src$=\".svg\"]{width:48px}.elementor-widget-image img{vertical-align:middle;display:inline-block}<\/style>\t\t\t\t\t\t\t\t\t\t\t\t<img decoding=\"async\" width=\"640\" height=\"427\" src=\"https:\/\/safekid.com.br\/wp-content\/uploads\/2023\/03\/3-1024x683.jpg\" class=\"attachment-large size-large wp-image-4682\" alt=\"\" srcset=\"https:\/\/safekid.com.br\/wp-content\/uploads\/2023\/03\/3-1024x683.jpg 1024w, https:\/\/safekid.com.br\/wp-content\/uploads\/2023\/03\/3-300x200.jpg 300w, https:\/\/safekid.com.br\/wp-content\/uploads\/2023\/03\/3-768x512.jpg 768w, https:\/\/safekid.com.br\/wp-content\/uploads\/2023\/03\/3.jpg 1200w\" sizes=\"(max-width: 640px) 100vw, 640px\" \/>\t\t\t\t\t\t\t\t\t\t\t\t\t\t\t<\/div>\n\t\t\t\t<\/div>\n\t\t        <\/div>\n        <\/div>\n                        <\/div>\n        <\/section>\n                <section class=\"elementor-section elementor-top-section elementor-element elementor-element-aeaef0a elementor-section-boxed elementor-section-height-default elementor-section-height-default\" data-id=\"aeaef0a\" data-element_type=\"section\">\n        \n                <div class=\"elementor-container elementor-column-gap-default \">\n                <div class=\"elementor-column elementor-col-100 elementor-top-column elementor-element elementor-element-b2aafd5\" data-id=\"b2aafd5\" data-element_type=\"column\">\n        <div class=\"elementor-widget-wrap elementor-element-populated\">\n                        \t\t<div class=\"elementor-element elementor-element-6b6d85c elementor-widget elementor-widget-heading\" data-id=\"6b6d85c\" data-element_type=\"widget\" data-widget_type=\"heading.default\">\n\t\t\t\t<div class=\"elementor-widget-container\">\n\t\t\t<h3 class=\"elementor-heading-title elementor-size-default\">Conclus\u00e3o<\/h3>\t\t<\/div>\n\t\t\t\t<\/div>\n\t\t\t\t<div class=\"elementor-element elementor-element-a937f6d elementor-widget elementor-widget-text-editor\" data-id=\"a937f6d\" data-element_type=\"widget\" data-widget_type=\"text-editor.default\">\n\t\t\t\t<div class=\"elementor-widget-container\">\n\t\t\t\t\t\t\t<p>As c\u00e2meras em escolas infantis n\u00e3o s\u00e3o apenas permitidas como s\u00e3o excelentes aliadas no relacionamento transparente e de confian\u00e7a entre pais\/respons\u00e1veis e a escola, ber\u00e7\u00e1rio ou creche<\/p><h4>Venha ser Safekids\u00a0<\/h4>\t\t\t\t\t\t<\/div>\n\t\t\t\t<\/div>\n\t\t        <\/div>\n        <\/div>\n                        <\/div>\n        <\/section>\n                <section class=\"elementor-section elementor-top-section elementor-element elementor-element-4719d4a elementor-section-boxed elementor-section-height-default elementor-section-height-default\" data-id=\"4719d4a\" data-element_type=\"section\">\n        \n                <div class=\"elementor-container elementor-column-gap-default \">\n                <div class=\"elementor-column elementor-col-50 elementor-top-column elementor-element elementor-element-2cbd725\" data-id=\"2cbd725\" data-element_type=\"column\">\n        <div class=\"elementor-widget-wrap elementor-element-populated\">\n                        \t\t<div class=\"elementor-element elementor-element-1f220e2 elementor-widget elementor-widget-image\" data-id=\"1f220e2\" data-element_type=\"widget\" data-widget_type=\"image.default\">\n\t\t\t\t<div class=\"elementor-widget-container\">\n\t\t\t\t\t\t\t\t\t\t\t\t\t\t\t\t<a href=\"https:\/\/play.google.com\/store\/apps\/details?id=br.com.berithtecnologia.safekids\">\n\t\t\t\t\t\t\t<img decoding=\"async\" width=\"123\" height=\"189\" src=\"https:\/\/safekid.com.br\/wp-content\/uploads\/2023\/03\/Screenshot_21.png\" class=\"attachment-large size-large wp-image-4702\" alt=\"\" \/>\t\t\t\t\t\t\t\t<\/a>\n\t\t\t\t\t\t\t\t\t\t\t\t\t\t\t<\/div>\n\t\t\t\t<\/div>\n\t\t        <\/div>\n        <\/div>\n                <div class=\"elementor-column elementor-col-50 elementor-top-column elementor-element elementor-element-8d1119e\" data-id=\"8d1119e\" data-element_type=\"column\">\n        <div class=\"elementor-widget-wrap elementor-element-populated\">\n                        \t\t<div class=\"elementor-element elementor-element-7736ddf elementor-widget elementor-widget-image\" data-id=\"7736ddf\" data-element_type=\"widget\" data-widget_type=\"image.default\">\n\t\t\t\t<div class=\"elementor-widget-container\">\n\t\t\t\t\t\t\t\t\t\t\t\t\t\t\t\t<a href=\"https:\/\/apps.apple.com\/no\/app\/safekids\/id1638996293\">\n\t\t\t\t\t\t\t<img decoding=\"async\" width=\"112\" height=\"178\" src=\"https:\/\/safekid.com.br\/wp-content\/uploads\/2023\/03\/Screenshot_1.png\" class=\"attachment-large size-large wp-image-4701\" alt=\"\" \/>\t\t\t\t\t\t\t\t<\/a>\n\t\t\t\t\t\t\t\t\t\t\t\t\t\t\t<\/div>\n\t\t\t\t<\/div>\n\t\t        <\/div>\n        <\/div>\n                        <\/div>\n        <\/section>\n        \t\t\t\t\t<\/div>\n\t\t","protected":false},"excerpt":{"rendered":"<p>Seja c\u00e2mera de vigil\u00e2ncia em escola p\u00fablica ou privada, com a tecnologia\u00a0 \u00e9 poss\u00edvel garantir que pais e respons\u00e1veis tenham acesso \u00e0s c\u00e2meras da escola de forma simples e eficiente. \u00c9 permitido colocar c\u00e2meras na escola ou na sala de de aula? Sim. O projeto de lei 6.154 de 2005 permite o uso de c\u00e2meras [&hellip;]<\/p>\n","protected":false},"author":1,"featured_media":0,"parent":0,"menu_order":0,"comment_status":"closed","ping_status":"closed","template":"","meta":{"_joinchat":[],"footnotes":""},"class_list":["post-4666","page","type-page","status-publish","hentry"],"_links":{"self":[{"href":"https:\/\/safekid.com.br\/index.php\/wp-json\/wp\/v2\/pages\/4666","targetHints":{"allow":["GET"]}}],"collection":[{"href":"https:\/\/safekid.com.br\/index.php\/wp-json\/wp\/v2\/pages"}],"about":[{"href":"https:\/\/safekid.com.br\/index.php\/wp-json\/wp\/v2\/types\/page"}],"author":[{"embeddable":true,"href":"https:\/\/safekid.com.br\/index.php\/wp-json\/wp\/v2\/users\/1"}],"replies":[{"embeddable":true,"href":"https:\/\/safekid.com.br\/index.php\/wp-json\/wp\/v2\/comments?post=4666"}],"version-history":[{"count":37,"href":"https:\/\/safekid.com.br\/index.php\/wp-json\/wp\/v2\/pages\/4666\/revisions"}],"predecessor-version":[{"id":4725,"href":"https:\/\/safekid.com.br\/index.php\/wp-json\/wp\/v2\/pages\/4666\/revisions\/4725"}],"wp:attachment":[{"href":"https:\/\/safekid.com.br\/index.php\/wp-json\/wp\/v2\/media?parent=4666"}],"curies":[{"name":"wp","href":"https:\/\/api.w.org\/{rel}","templated":true}]}}